{"id":142,"date":"2017-09-24T19:59:33","date_gmt":"2017-09-24T19:59:33","guid":{"rendered":"http:\/\/mo-informatique.fr\/?page_id=142"},"modified":"2017-09-26T06:57:47","modified_gmt":"2017-09-26T06:57:47","slug":"contactez-nous","status":"publish","type":"page","link":"https:\/\/mo-informatique.fr\/?page_id=142","title":{"rendered":"Contactez-nous"},"content":{"rendered":"<p>Par t\u00e9l\u00e9phone du Lundi au Vendredi de 9h30 \u00e0 19h30 et le Samedi de 10h00 \u00e0 16h00 au <strong>01.39.52.83.88<\/strong><\/p>\n<p>Par mail, \u00e0 n&rsquo;importe quelle heure :\u00a0<a href=\"mailto:contact@mo-informatique.fr\">contact@mo-informatique.fr<\/a><\/p>\n","protected":false},"excerpt":{"rendered":"<p>Par t\u00e9l\u00e9phone du Lundi au Vendredi de 9h30 \u00e0 19h30 et le Samedi de 10h00 \u00e0 16h00 au 01.39.52.83.88 Par mail, \u00e0 n&rsquo;importe quelle heure :\u00a0contact@mo-informatique.fr<\/p>\n","protected":false},"author":1,"featured_media":0,"parent":0,"menu_order":0,"comment_status":"closed","ping_status":"closed","template":"","meta":{"footnotes":""},"class_list":["post-142","page","type-page","status-publish","hentry"],"_links":{"self":[{"href":"https:\/\/mo-informatique.fr\/index.php?rest_route=\/wp\/v2\/pages\/142","targetHints":{"allow":["GET"]}}],"collection":[{"href":"https:\/\/mo-informatique.fr\/index.php?rest_route=\/wp\/v2\/pages"}],"about":[{"href":"https:\/\/mo-informatique.fr\/index.php?rest_route=\/wp\/v2\/types\/page"}],"author":[{"embeddable":true,"href":"https:\/\/mo-informatique.fr\/index.php?rest_route=\/wp\/v2\/users\/1"}],"replies":[{"embeddable":true,"href":"https:\/\/mo-informatique.fr\/index.php?rest_route=%2Fwp%2Fv2%2Fcomments&post=142"}],"version-history":[{"count":5,"href":"https:\/\/mo-informatique.fr\/index.php?rest_route=\/wp\/v2\/pages\/142\/revisions"}],"predecessor-version":[{"id":273,"href":"https:\/\/mo-informatique.fr\/index.php?rest_route=\/wp\/v2\/pages\/142\/revisions\/273"}],"wp:attachment":[{"href":"https:\/\/mo-informatique.fr\/index.php?rest_route=%2Fwp%2Fv2%2Fmedia&parent=142"}],"curies":[{"name":"wp","href":"https:\/\/api.w.org\/{rel}","templated":true}]}}