{"id":134,"date":"2017-09-24T19:55:59","date_gmt":"2017-09-24T19:55:59","guid":{"rendered":"http:\/\/mo-informatique.fr\/?page_id=134"},"modified":"2017-09-29T09:49:56","modified_gmt":"2017-09-29T09:49:56","slug":"mo-informatique-services-aux-entreprises","status":"publish","type":"page","link":"https:\/\/mo-informatique.fr\/?page_id=134","title":{"rendered":"Services aux entreprises &#8211; Vous lib\u00e9rer des contraintes informatiques ext\u00e9rieures au c\u0153ur de votre activit\u00e9"},"content":{"rendered":"<p><strong><img loading=\"lazy\" decoding=\"async\" class=\"alignleft size-thumbnail wp-image-219\" src=\"https:\/\/mo-informatique.fr\/wp-content\/uploads\/2016\/05\/Assistance4-150x150.png\" alt=\"\" width=\"150\" height=\"150\" srcset=\"https:\/\/mo-informatique.fr\/wp-content\/uploads\/2016\/05\/Assistance4-150x150.png 150w, https:\/\/mo-informatique.fr\/wp-content\/uploads\/2016\/05\/Assistance4-180x180.png 180w, https:\/\/mo-informatique.fr\/wp-content\/uploads\/2016\/05\/Assistance4-100x100.png 100w, https:\/\/mo-informatique.fr\/wp-content\/uploads\/2016\/05\/Assistance4.png 200w\" sizes=\"auto, (max-width: 150px) 100vw, 150px\" \/>Intervention <\/strong><\/p>\n<p>Les pannes informatiques entra\u00eenent une vraie baisse de productivit\u00e9 et \u00e0 terme, de comp\u00e9titivit\u00e9. Et ces incidents\u00a0sont d&rsquo;autant plus p\u00e9nibles qu&rsquo;ils paralysent l&rsquo;activit\u00e9 de vos personnels et exigent de faire appel \u00e0 des prestataires de service ext\u00e9rieurs qui sont rarement disponibles imm\u00e9diatement.<\/p>\n<p>\u200bChez\u00a0<strong>MO Informatique<\/strong>\u00a0nous comprenons vos urgences et mettons tout en \u0153uvre pour y r\u00e9pondre toujours au plus vite en vous proposant\u00a0deux\u00a0types d&rsquo;intervention :<\/p>\n<ul>\n<li>\u200b<span style=\"font-size: 1rem;\">Intervention rapide sur site apr\u00e8s votre prise de contact initiale<\/span><\/li>\n<li>T\u00e9l\u00e9assistance imm\u00e9diate via le logiciel Teamviewer<\/li>\n<\/ul>\n<p>&nbsp;<\/p>\n<p><img loading=\"lazy\" decoding=\"async\" class=\"size-thumbnail wp-image-216 alignleft\" src=\"https:\/\/mo-informatique.fr\/wp-content\/uploads\/2016\/05\/D\u00e9ploiement4-150x150.png\" alt=\"\" width=\"150\" height=\"150\" srcset=\"https:\/\/mo-informatique.fr\/wp-content\/uploads\/2016\/05\/D\u00e9ploiement4-150x150.png 150w, https:\/\/mo-informatique.fr\/wp-content\/uploads\/2016\/05\/D\u00e9ploiement4-180x180.png 180w, https:\/\/mo-informatique.fr\/wp-content\/uploads\/2016\/05\/D\u00e9ploiement4-100x100.png 100w, https:\/\/mo-informatique.fr\/wp-content\/uploads\/2016\/05\/D\u00e9ploiement4.png 200w\" sizes=\"auto, (max-width: 150px) 100vw, 150px\" \/><\/p>\n<p><strong>D\u00e9ploiement<\/strong><\/p>\n<p>Que vous veniez d&rsquo;acqu\u00e9rir un nouveau mat\u00e9riel informatique ou que vous changiez de locaux et avez besoin de r\u00e9installer votre parc, faites appel \u00e0\u00a0<strong>MO Informatique<\/strong>\u00a0pour vous assister dans ces t\u00e2ches trop souvent longues et\u00a0fastidieuses.<\/p>\n<p>\u200bNous mettons notre expertise \u00e0 votre service pour vous assurer de travailler dans les meilleures conditions et au plus vite, dans le respect de vos contraintes.<\/p>\n<p>Nous vous proposons un tarif horaire qui peut \u00e9voluer vers un forfait demi-journ\u00e9e ou un forfait journ\u00e9e selon la charge de travail. Pour en savoir plus n&rsquo;h\u00e9sitez pas \u00e0 nous contacter par t\u00e9l\u00e9phone ou par mail.<\/p>\n<p>&nbsp;<\/p>\n<p><img loading=\"lazy\" decoding=\"async\" class=\"size-thumbnail wp-image-221 alignleft\" src=\"https:\/\/mo-informatique.fr\/wp-content\/uploads\/2016\/05\/Maintenance4-150x150.png\" alt=\"\" width=\"150\" height=\"150\" srcset=\"https:\/\/mo-informatique.fr\/wp-content\/uploads\/2016\/05\/Maintenance4-150x150.png 150w, https:\/\/mo-informatique.fr\/wp-content\/uploads\/2016\/05\/Maintenance4-180x180.png 180w, https:\/\/mo-informatique.fr\/wp-content\/uploads\/2016\/05\/Maintenance4-100x100.png 100w, https:\/\/mo-informatique.fr\/wp-content\/uploads\/2016\/05\/Maintenance4.png 200w\" sizes=\"auto, (max-width: 150px) 100vw, 150px\" \/><\/p>\n<p><strong>Maintenance<\/strong><\/p>\n<p>Tandis que l&rsquo;intervention permet d&rsquo;agir de fa\u00e7on ponctuelle pour corriger un probl\u00e8me, la maintenance est un moyen de garantir un\u00a0suivi r\u00e9gulier\u00a0de votre parc informatique afin qu&rsquo;il reste op\u00e9rationnel tout en \u00e9vitant et en pr\u00e9venant les dysfonctionnements\u00a0et les interruptions de travail qui en d\u00e9coulent.<\/p>\n<p>\u200bCes visites fix\u00e9es \u00e0 des dates pr\u00e9\u00e9tablies permettent \u00e9galement de faire un point sur l&rsquo;\u00e9tat de vos mat\u00e9riels et d&rsquo;en d\u00e9terminer l&rsquo;\u00e9volution.<\/p>\n<p>\u200bChez\u00a0<strong>MO Informatique<\/strong>\u00a0nous proposons un forfait unique par poste et par mois (hors serveur et solution de\u00a0sauvegarde de vos donn\u00e9es) comprenant la supervision, la t\u00e9l\u00e9assistance et les visites sur site.<\/p>\n<p>&nbsp;<\/p>\n<p><img loading=\"lazy\" decoding=\"async\" class=\"size-thumbnail wp-image-223 alignleft\" src=\"https:\/\/mo-informatique.fr\/wp-content\/uploads\/2016\/05\/Formation4-150x150.png\" alt=\"\" width=\"150\" height=\"150\" srcset=\"https:\/\/mo-informatique.fr\/wp-content\/uploads\/2016\/05\/Formation4-150x150.png 150w, https:\/\/mo-informatique.fr\/wp-content\/uploads\/2016\/05\/Formation4-180x180.png 180w, https:\/\/mo-informatique.fr\/wp-content\/uploads\/2016\/05\/Formation4-100x100.png 100w, https:\/\/mo-informatique.fr\/wp-content\/uploads\/2016\/05\/Formation4.png 200w\" sizes=\"auto, (max-width: 150px) 100vw, 150px\" \/><\/p>\n<p><strong>Formation<\/strong><\/p>\n<p>Gagner du temps et optimiser sa productivit\u00e9, d\u00e9pend, en partie, de la bonne ma\u00eetrise des outils informatiques \u00e0 disposition. Cette comp\u00e9tence informatique est n\u00e9cessaire pour r\u00e9aliser au mieux les diff\u00e9rentes t\u00e2ches administratives, bureautiques et sp\u00e9cifiques li\u00e9es \u00e0 l\u2019entreprise d\u2019une part et \u00e0 la fonction d\u2019autre part.<\/p>\n<p>Pour vous permettre d\u2019acqu\u00e9rir comme de monter en comp\u00e9tence, nous vous proposons des formations sur votre site de travail et sur vos fichiers. Cette d\u00e9marche sp\u00e9cifique rentre dans le cadre de notre personnalisation p\u00e9dagogique de l\u2019action de formation et assure l\u2019op\u00e9rationnalit\u00e9 de vos personnels. Les sessions de formation peuvent \u00eatre particuli\u00e8res comme collectives mais jusqu\u2019\u00e0 un maximum de 6 participants. Toutes nos formations incluent :<\/p>\n<ul>\n<li>D\u00e9placement sur site<\/li>\n<li>Support de cours (Editions ENI ou MO)<\/li>\n<li>Panier-repas du formateur<\/li>\n<li>Assistance t\u00e9l\u00e9phonique post-formation de 30 jours<\/li>\n<\/ul>\n<p><!-- {\"length\":7217,\"hash\":\"f2c9e17ed2cfd95328eb81e981075d00\"} --><\/p>\n","protected":false},"excerpt":{"rendered":"<p>Intervention Les pannes informatiques entra\u00eenent une vraie baisse de productivit\u00e9 et \u00e0 terme, de comp\u00e9titivit\u00e9. Et ces incidents\u00a0sont d&rsquo;autant plus p\u00e9nibles qu&rsquo;ils paralysent l&rsquo;activit\u00e9 de vos personnels et exigent de faire appel \u00e0 des prestataires de service ext\u00e9rieurs qui sont rarement disponibles imm\u00e9diatement. \u200bChez\u00a0MO Informatique\u00a0nous comprenons vos urgences et mettons tout en \u0153uvre pour y &hellip; <\/p>\n<p class=\"link-more\"><a href=\"https:\/\/mo-informatique.fr\/?page_id=134\" class=\"more-link\">Continuer la lecture<span class=\"screen-reader-text\"> de &laquo;&nbsp;Services aux entreprises &#8211; Vous lib\u00e9rer des contraintes informatiques ext\u00e9rieures au c\u0153ur de votre activit\u00e9&nbsp;&raquo;<\/span><\/a><\/p>\n","protected":false},"author":1,"featured_media":0,"parent":0,"menu_order":0,"comment_status":"closed","ping_status":"closed","template":"","meta":{"footnotes":""},"class_list":["post-134","page","type-page","status-publish","hentry"],"_links":{"self":[{"href":"https:\/\/mo-informatique.fr\/index.php?rest_route=\/wp\/v2\/pages\/134","targetHints":{"allow":["GET"]}}],"collection":[{"href":"https:\/\/mo-informatique.fr\/index.php?rest_route=\/wp\/v2\/pages"}],"about":[{"href":"https:\/\/mo-informatique.fr\/index.php?rest_route=\/wp\/v2\/types\/page"}],"author":[{"embeddable":true,"href":"https:\/\/mo-informatique.fr\/index.php?rest_route=\/wp\/v2\/users\/1"}],"replies":[{"embeddable":true,"href":"https:\/\/mo-informatique.fr\/index.php?rest_route=%2Fwp%2Fv2%2Fcomments&post=134"}],"version-history":[{"count":21,"href":"https:\/\/mo-informatique.fr\/index.php?rest_route=\/wp\/v2\/pages\/134\/revisions"}],"predecessor-version":[{"id":331,"href":"https:\/\/mo-informatique.fr\/index.php?rest_route=\/wp\/v2\/pages\/134\/revisions\/331"}],"wp:attachment":[{"href":"https:\/\/mo-informatique.fr\/index.php?rest_route=%2Fwp%2Fv2%2Fmedia&parent=134"}],"curies":[{"name":"wp","href":"https:\/\/api.w.org\/{rel}","templated":true}]}}